{"id":763,"date":"2023-03-28T23:02:50","date_gmt":"2023-03-28T21:02:50","guid":{"rendered":"https:\/\/jonzieux.ecsel-cyclisme.fr\/?page_id=763"},"modified":"2024-06-08T22:18:58","modified_gmt":"2024-06-08T20:18:58","slug":"le-pilat-a-velo","status":"publish","type":"page","link":"https:\/\/jonzieux.ecsel-cyclisme.fr\/index.php\/le-pilat-a-velo\/","title":{"rendered":"Le Pilat \u00e0 v\u00e9lo"},"content":{"rendered":"<p>[et_pb_section fb_built=\u00a0\u00bb1&Prime; admin_label=\u00a0\u00bbHeader\u00a0\u00bb _builder_version=\u00a0\u00bb4.20.2&Prime; _module_preset=\u00a0\u00bbdefault\u00a0\u00bb custom_padding=\u00a0\u00bb||4vw||false|false\u00a0\u00bb locked=\u00a0\u00bboff\u00a0\u00bb global_colors_info=\u00a0\u00bb{}\u00a0\u00bb use_background_color_gradient=\u00a0\u00bbon\u00a0\u00bb background_color_gradient_direction=\u00a0\u00bb54deg\u00a0\u00bb background_color_gradient_stops=\u00a0\u00bb#000000 0%|rgba(255,255,255,0) 100%\u00a0\u00bb background_color_gradient_overlays_image=\u00a0\u00bbon\u00a0\u00bb background_image=\u00a0\u00bbhttps:\/\/jonzieux.ecsel-cyclisme.fr\/wp-content\/uploads\/2023\/03\/P1010984-scaled.jpg\u00a0\u00bb title_text=\u00a0\u00bbP1010984&Prime; hover_enabled=\u00a0\u00bb0&Prime; sticky_enabled=\u00a0\u00bb0&Prime;][et_pb_row _builder_version=\u00a0\u00bb4.16&Prime; _module_preset=\u00a0\u00bbdefault\u00a0\u00bb global_colors_info=\u00a0\u00bb{}\u00a0\u00bb][et_pb_column type=\u00a0\u00bb4_4&Prime; _builder_version=\u00a0\u00bb4.16&Prime; _module_preset=\u00a0\u00bbdefault\u00a0\u00bb global_colors_info=\u00a0\u00bb{}\u00a0\u00bb][et_pb_text _builder_version=\u00a0\u00bb4.16&Prime; _module_preset=\u00a0\u00bbdefault\u00a0\u00bb header_font=\u00a0\u00bbMontserrat|900|on|on|||||\u00a0\u00bb header_text_color=\u00a0\u00bb#e2ff4e\u00a0\u00bb header_font_size=\u00a0\u00bb72px\u00a0\u00bb header_font_size_tablet=\u00a0\u00bb40px\u00a0\u00bb header_font_size_phone=\u00a0\u00bb24px\u00a0\u00bb header_font_size_last_edited=\u00a0\u00bbon|desktop\u00a0\u00bb header_text_shadow_style=\u00a0\u00bbpreset5&Prime; header_text_shadow_horizontal_length=\u00a0\u00bb0.04em\u00a0\u00bb header_text_shadow_vertical_length=\u00a0\u00bb0.04em\u00a0\u00bb header_text_shadow_color=\u00a0\u00bb#000000&Prime; global_colors_info=\u00a0\u00bb{}\u00a0\u00bb][\/et_pb_text][et_pb_text _builder_version=\u00a0\u00bb4.16&Prime; _module_preset=\u00a0\u00bbdefault\u00a0\u00bb header_font=\u00a0\u00bbMontserrat|900|on|on|||||\u00a0\u00bb header_text_color=\u00a0\u00bb#e2ff4e\u00a0\u00bb header_font_size=\u00a0\u00bb72px\u00a0\u00bb min_height=\u00a0\u00bb45px\u00a0\u00bb header_font_size_tablet=\u00a0\u00bb40px\u00a0\u00bb header_font_size_phone=\u00a0\u00bb24px\u00a0\u00bb header_font_size_last_edited=\u00a0\u00bbon|desktop\u00a0\u00bb header_text_shadow_style=\u00a0\u00bbpreset5&Prime; header_text_shadow_horizontal_length=\u00a0\u00bb0.04em\u00a0\u00bb header_text_shadow_vertical_length=\u00a0\u00bb0.04em\u00a0\u00bb header_text_shadow_color=\u00a0\u00bb#000000&Prime; global_colors_info=\u00a0\u00bb{}\u00a0\u00bb]<\/p>\n<h1><span style=\"color: #feed00;\">LE pilat \u00e0 v\u00e9lo<\/span><\/h1>\n<p>[\/et_pb_text][\/et_pb_column][\/et_pb_row][\/et_pb_section][et_pb_section fb_built=\u00a0\u00bb1&Prime; _builder_version=\u00a0\u00bb4.20.2&Prime; _module_preset=\u00a0\u00bbdefault\u00a0\u00bb global_colors_info=\u00a0\u00bb{}\u00a0\u00bb][et_pb_row _builder_version=\u00a0\u00bb4.20.2&Prime; _module_preset=\u00a0\u00bbdefault\u00a0\u00bb global_colors_info=\u00a0\u00bb{}\u00a0\u00bb][et_pb_column type=\u00a0\u00bb4_4&Prime; _builder_version=\u00a0\u00bb4.20.2&Prime; _module_preset=\u00a0\u00bbdefault\u00a0\u00bb global_colors_info=\u00a0\u00bb{}\u00a0\u00bb][et_pb_text _builder_version=\u00a0\u00bb4.16&Prime; _module_preset=\u00a0\u00bbdefault\u00a0\u00bb header_2_font=\u00a0\u00bbMontserrat|900|||||||\u00a0\u00bb header_2_text_color=\u00a0\u00bb#000000&Prime; header_2_font_size=\u00a0\u00bb45px\u00a0\u00bb header_2_line_height=\u00a0\u00bb1.2em\u00a0\u00bb min_height=\u00a0\u00bb85px\u00a0\u00bb custom_padding=\u00a0\u00bb0px|||||\u00a0\u00bb header_2_font_size_tablet=\u00a0\u00bb25px\u00a0\u00bb header_2_font_size_phone=\u00a0\u00bb18px\u00a0\u00bb header_2_font_size_last_edited=\u00a0\u00bbon|desktop\u00a0\u00bb locked=\u00a0\u00bboff\u00a0\u00bb global_colors_info=\u00a0\u00bb{}\u00a0\u00bb disabled_on=\u00a0\u00bbon|off|off\u00a0\u00bb custom_margin=\u00a0\u00bb||||false|false\u00a0\u00bb]<\/p>\n<h2 style=\"text-align: center;\"><span style=\"font-size: xx-large;\">L&rsquo;espace Cyclosport FFC, un label gage de qualit\u00e9<\/span><\/h2>\n<p>[\/et_pb_text][\/et_pb_column][\/et_pb_row][et_pb_row column_structure=\u00a0\u00bb1_2,1_2&Prime; _builder_version=\u00a0\u00bb4.20.2&Prime; _module_preset=\u00a0\u00bbdefault\u00a0\u00bb custom_padding=\u00a0\u00bb16px||27px|||\u00a0\u00bb global_colors_info=\u00a0\u00bb{}\u00a0\u00bb][et_pb_column type=\u00a0\u00bb1_2&Prime; _builder_version=\u00a0\u00bb4.20.2&Prime; _module_preset=\u00a0\u00bbdefault\u00a0\u00bb hover_enabled=\u00a0\u00bb0&Prime; global_colors_info=\u00a0\u00bb{}\u00a0\u00bb sticky_enabled=\u00a0\u00bb0&Prime;][et_pb_text _builder_version=\u00a0\u00bb4.20.2&Prime; _module_preset=\u00a0\u00bbdefault\u00a0\u00bb custom_margin=\u00a0\u00bb-29px||-1px|||\u00a0\u00bb global_colors_info=\u00a0\u00bb{}\u00a0\u00bb header_2_font=\u00a0\u00bbMontserrat|900|||||||\u00a0\u00bb header_2_text_color=\u00a0\u00bb#000000&Prime; header_2_font_size=\u00a0\u00bb24px\u00a0\u00bb custom_padding=\u00a0\u00bb||17px|||\u00a0\u00bb hover_enabled=\u00a0\u00bb0&Prime; sticky_enabled=\u00a0\u00bb0&Prime;]<\/p>\n<blockquote type=\"cite\">\n<div dir=\"ltr\">\n<div dir=\"ltr\">\n<h2><strong>Itin\u00e9raires route vari\u00e9s et s\u00e9curis\u00e9s<\/strong><\/h2>\n<p><strong><\/strong><\/p>\n<p><strong><\/strong><\/p>\n<p><strong><\/strong><\/p>\n<p><strong><\/strong><\/p>\n<p><strong><\/strong><\/p>\n<div style=\"text-align: justify;\"><\/div>\n<div>\n<p style=\"text-align: justify;\">Au sud du parc naturel r\u00e9gional du Pilat se trouvent les Monts du Pilat. Terres de contrastes,\u00a0<span>les monts du Pilat<\/span>\u00a0pr\u00e9sentent 2 facettes bien diff\u00e9rentes entre les paysages <strong>verts et vallonn\u00e9s<\/strong> de la D\u00e9\u00f4me et les immenses plateaux du Haut-Pilat.<\/p>\n<p style=\"text-align: justify;\">C&rsquo;est aussi sur ces routes que Paul de Vivie, dit V\u00e9locio, <strong>pionnier du cyclotourisme<\/strong>, effectuera ses premi\u00e8res \u00e9chapp\u00e9es. Fondateur du magazine \u00ab\u00a0le Cycliste\u00a0\u00bb et inventeur de la\u00a0 \u00ab\u00a0Polymultiplication\u00a0\u00bb gr\u00e2ce au d\u00e9railleur, il n&rsquo;a eu de cesse d&rsquo;arpenter ces langues de bitume qui s&rsquo;\u00e9tendent d&rsquo;un versant \u00e0 l&rsquo;autre.<\/p>\n<p style=\"text-align: justify;\">Avec\u00a0<span>plus de <strong>530 kilom\u00e8tres de route<\/strong>, 9 parcours<\/span> (2 verts, 2 bleus, 2 rouges et 3 noirs) et quelques cols mythiques, les Monts du Pilat n&rsquo;auront de cesse de vous surprendre et de vous s\u00e9duire au fil des saisons.<\/p>\n<\/div>\n<\/div>\n<\/div>\n<\/blockquote>\n<p>[\/et_pb_text][\/et_pb_column][et_pb_column type=\u00a0\u00bb1_2&Prime; _builder_version=\u00a0\u00bb4.20.2&Prime; _module_preset=\u00a0\u00bbdefault\u00a0\u00bb global_colors_info=\u00a0\u00bb{}\u00a0\u00bb][et_pb_image src=\u00a0\u00bbhttps:\/\/jonzieux.ecsel-cyclisme.fr\/wp-content\/uploads\/2023\/03\/IMG_9454-scaled.jpg\u00a0\u00bb title_text=\u00a0\u00bbIMG_9454&Prime; _builder_version=\u00a0\u00bb4.20.2&Prime; _module_preset=\u00a0\u00bbdefault\u00a0\u00bb custom_margin=\u00a0\u00bb-19px|||||\u00a0\u00bb custom_padding=\u00a0\u00bb7px|||||\u00a0\u00bb global_colors_info=\u00a0\u00bb{}\u00a0\u00bb][\/et_pb_image][\/et_pb_column][\/et_pb_row][et_pb_row _builder_version=\u00a0\u00bb4.20.2&Prime; _module_preset=\u00a0\u00bbdefault\u00a0\u00bb global_colors_info=\u00a0\u00bb{}\u00a0\u00bb][et_pb_column type=\u00a0\u00bb4_4&Prime; _builder_version=\u00a0\u00bb4.20.2&Prime; _module_preset=\u00a0\u00bbdefault\u00a0\u00bb global_colors_info=\u00a0\u00bb{}\u00a0\u00bb][et_pb_button button_url=\u00a0\u00bbhttps:\/\/cyclosportgravel.ffc.fr\/espaces\/les-monts-du-pilat\/\u00a0\u00bb button_text=\u00a0\u00bbEspace cyclosport FFC\u00a0\u00bb button_alignment=\u00a0\u00bbcenter\u00a0\u00bb _builder_version=\u00a0\u00bb4.20.2&Prime; _module_preset=\u00a0\u00bbdefault\u00a0\u00bb custom_button=\u00a0\u00bbon\u00a0\u00bb button_text_size=\u00a0\u00bb9px\u00a0\u00bb button_text_color=\u00a0\u00bb#FFFFFF\u00a0\u00bb button_bg_color=\u00a0\u00bb#AB263B\u00a0\u00bb button_border_width=\u00a0\u00bb0px\u00a0\u00bb button_border_radius=\u00a0\u00bb5px\u00a0\u00bb button_letter_spacing=\u00a0\u00bb2px\u00a0\u00bb button_font=\u00a0\u00bbMontserrat|700||on|||||\u00a0\u00bb custom_padding=\u00a0\u00bb20px|20px|20px|20px|true|true\u00a0\u00bb button_text_color_tablet=\u00a0\u00bb#000000&Prime; button_text_color_phone=\u00a0\u00bb#000000&Prime; button_text_color_last_edited=\u00a0\u00bbon|desktop\u00a0\u00bb locked=\u00a0\u00bboff\u00a0\u00bb global_colors_info=\u00a0\u00bb{}\u00a0\u00bb button_icon_color__hover_enabled=\u00a0\u00bbon|hover\u00a0\u00bb button_icon_color__hover=\u00a0\u00bb#000000&Prime; button_border_color__hover_enabled=\u00a0\u00bboff|hover\u00a0\u00bb button_bg_color__hover_enabled=\u00a0\u00bbon|hover\u00a0\u00bb button_bg_color__hover=\u00a0\u00bb#feec00&Prime; button_bg_enable_color__hover=\u00a0\u00bbon\u00a0\u00bb transform_styles__hover_enabled=\u00a0\u00bbon|hover\u00a0\u00bb button_text_color__hover_enabled=\u00a0\u00bbon|desktop\u00a0\u00bb button_text_color__hover=\u00a0\u00bb#000000&Prime; button_bg_color_gradient_start__hover=\u00a0\u00bb#feec00&Prime; button_bg_use_color_gradient__hover=\u00a0\u00bbon\u00a0\u00bb button_bg_color_gradient_end__hover=\u00a0\u00bb#feec00&Prime; button_bg_color_gradient_stops__hover=\u00a0\u00bb#feec00 0%|#feec00 100%\u00a0\u00bb disabled_on=\u00a0\u00bboff|off|off\u00a0\u00bb button_use_icon=\u00a0\u00bboff\u00a0\u00bb transform_scale__hover=\u00a0\u00bb126%|126%\u00a0\u00bb transform_scale__hover_enabled=\u00a0\u00bbon|hover\u00a0\u00bb transform_translate__hover_enabled=\u00a0\u00bbon|hover\u00a0\u00bb transform_rotate__hover_enabled=\u00a0\u00bbon|hover\u00a0\u00bb transform_skew__hover_enabled=\u00a0\u00bbon|hover\u00a0\u00bb transform_origin__hover_enabled=\u00a0\u00bbon|hover\u00a0\u00bb hover_enabled=\u00a0\u00bb0&Prime; sticky_enabled=\u00a0\u00bb0&Prime;][\/et_pb_button][\/et_pb_column][\/et_pb_row][\/et_pb_section]<\/p>\n","protected":false},"excerpt":{"rendered":"<p>LE pilat \u00e0 v\u00e9loL&rsquo;espace Cyclosport FFC, un label gage de qualit\u00e9 Itin\u00e9raires route vari\u00e9s et s\u00e9curis\u00e9s Au sud du parc naturel r\u00e9gional du Pilat se trouvent les Monts du Pilat. Terres de contrastes,\u00a0les monts du Pilat\u00a0pr\u00e9sentent 2 facettes bien diff\u00e9rentes entre les paysages verts et vallonn\u00e9s de la D\u00e9\u00f4me et les immenses plateaux du Haut-Pilat. [&hellip;]<\/p>\n","protected":false},"author":1,"featured_media":0,"parent":0,"menu_order":0,"comment_status":"closed","ping_status":"closed","template":"","meta":{"_et_pb_use_builder":"on","_et_pb_old_content":"","_et_gb_content_width":"","footnotes":""},"class_list":["post-763","page","type-page","status-publish","hentry"],"yoast_head":"<!-- This site is optimized with the Yoast SEO plugin v26.2 - https:\/\/yoast.com\/wordpress\/plugins\/seo\/ -->\n<title>Le Pilat \u00e0 v\u00e9lo<\/title>\n<meta name=\"description\" content=\"Venez d\u00e9couvrir le Pilat \u00e0 V\u00e9lo !\" \/>\n<meta name=\"robots\" content=\"index, follow, max-snippet:-1, max-image-preview:large, max-video-preview:-1\" \/>\n<link rel=\"canonical\" href=\"https:\/\/jonzieux.ecsel-cyclisme.fr\/index.php\/le-pilat-a-velo\/\" \/>\n<meta property=\"og:locale\" content=\"fr_FR\" \/>\n<meta property=\"og:type\" content=\"article\" \/>\n<meta property=\"og:title\" content=\"Le Pilat \u00e0 v\u00e9lo\" \/>\n<meta property=\"og:description\" content=\"Venez d\u00e9couvrir le Pilat \u00e0 V\u00e9lo !\" \/>\n<meta property=\"og:url\" content=\"https:\/\/jonzieux.ecsel-cyclisme.fr\/index.php\/le-pilat-a-velo\/\" \/>\n<meta property=\"og:site_name\" content=\"R\u00e9mi Carton\" \/>\n<meta property=\"article:modified_time\" content=\"2024-06-08T20:18:58+00:00\" \/>\n<meta name=\"twitter:card\" content=\"summary_large_image\" \/>\n<meta name=\"twitter:label1\" content=\"Dur\u00e9e de lecture estim\u00e9e\" \/>\n\t<meta name=\"twitter:data1\" content=\"3 minutes\" \/>\n<script type=\"application\/ld+json\" class=\"yoast-schema-graph\">{\"@context\":\"https:\/\/schema.org\",\"@graph\":[{\"@type\":\"WebPage\",\"@id\":\"https:\/\/jonzieux.ecsel-cyclisme.fr\/index.php\/le-pilat-a-velo\/\",\"url\":\"https:\/\/jonzieux.ecsel-cyclisme.fr\/index.php\/le-pilat-a-velo\/\",\"name\":\"Le Pilat \u00e0 v\u00e9lo\",\"isPartOf\":{\"@id\":\"https:\/\/jonzieux.ecsel-cyclisme.fr\/#website\"},\"datePublished\":\"2023-03-28T21:02:50+00:00\",\"dateModified\":\"2024-06-08T20:18:58+00:00\",\"description\":\"Venez d\u00e9couvrir le Pilat \u00e0 V\u00e9lo !\",\"breadcrumb\":{\"@id\":\"https:\/\/jonzieux.ecsel-cyclisme.fr\/index.php\/le-pilat-a-velo\/#breadcrumb\"},\"inLanguage\":\"fr-FR\",\"potentialAction\":[{\"@type\":\"ReadAction\",\"target\":[\"https:\/\/jonzieux.ecsel-cyclisme.fr\/index.php\/le-pilat-a-velo\/\"]}]},{\"@type\":\"BreadcrumbList\",\"@id\":\"https:\/\/jonzieux.ecsel-cyclisme.fr\/index.php\/le-pilat-a-velo\/#breadcrumb\",\"itemListElement\":[{\"@type\":\"ListItem\",\"position\":1,\"name\":\"Accueil\",\"item\":\"https:\/\/jonzieux.ecsel-cyclisme.fr\/\"},{\"@type\":\"ListItem\",\"position\":2,\"name\":\"Le Pilat \u00e0 v\u00e9lo\"}]},{\"@type\":\"WebSite\",\"@id\":\"https:\/\/jonzieux.ecsel-cyclisme.fr\/#website\",\"url\":\"https:\/\/jonzieux.ecsel-cyclisme.fr\/\",\"name\":\"R\u00e9mi Carton\",\"description\":\"Un site utilisant WordPress\",\"potentialAction\":[{\"@type\":\"SearchAction\",\"target\":{\"@type\":\"EntryPoint\",\"urlTemplate\":\"https:\/\/jonzieux.ecsel-cyclisme.fr\/?s={search_term_string}\"},\"query-input\":{\"@type\":\"PropertyValueSpecification\",\"valueRequired\":true,\"valueName\":\"search_term_string\"}}],\"inLanguage\":\"fr-FR\"}]}<\/script>\n<!-- \/ Yoast SEO plugin. -->","yoast_head_json":{"title":"Le Pilat \u00e0 v\u00e9lo","description":"Venez d\u00e9couvrir le Pilat \u00e0 V\u00e9lo !","robots":{"index":"index","follow":"follow","max-snippet":"max-snippet:-1","max-image-preview":"max-image-preview:large","max-video-preview":"max-video-preview:-1"},"canonical":"https:\/\/jonzieux.ecsel-cyclisme.fr\/index.php\/le-pilat-a-velo\/","og_locale":"fr_FR","og_type":"article","og_title":"Le Pilat \u00e0 v\u00e9lo","og_description":"Venez d\u00e9couvrir le Pilat \u00e0 V\u00e9lo !","og_url":"https:\/\/jonzieux.ecsel-cyclisme.fr\/index.php\/le-pilat-a-velo\/","og_site_name":"R\u00e9mi Carton","article_modified_time":"2024-06-08T20:18:58+00:00","twitter_card":"summary_large_image","twitter_misc":{"Dur\u00e9e de lecture estim\u00e9e":"3 minutes"},"schema":{"@context":"https:\/\/schema.org","@graph":[{"@type":"WebPage","@id":"https:\/\/jonzieux.ecsel-cyclisme.fr\/index.php\/le-pilat-a-velo\/","url":"https:\/\/jonzieux.ecsel-cyclisme.fr\/index.php\/le-pilat-a-velo\/","name":"Le Pilat \u00e0 v\u00e9lo","isPartOf":{"@id":"https:\/\/jonzieux.ecsel-cyclisme.fr\/#website"},"datePublished":"2023-03-28T21:02:50+00:00","dateModified":"2024-06-08T20:18:58+00:00","description":"Venez d\u00e9couvrir le Pilat \u00e0 V\u00e9lo !","breadcrumb":{"@id":"https:\/\/jonzieux.ecsel-cyclisme.fr\/index.php\/le-pilat-a-velo\/#breadcrumb"},"inLanguage":"fr-FR","potentialAction":[{"@type":"ReadAction","target":["https:\/\/jonzieux.ecsel-cyclisme.fr\/index.php\/le-pilat-a-velo\/"]}]},{"@type":"BreadcrumbList","@id":"https:\/\/jonzieux.ecsel-cyclisme.fr\/index.php\/le-pilat-a-velo\/#breadcrumb","itemListElement":[{"@type":"ListItem","position":1,"name":"Accueil","item":"https:\/\/jonzieux.ecsel-cyclisme.fr\/"},{"@type":"ListItem","position":2,"name":"Le Pilat \u00e0 v\u00e9lo"}]},{"@type":"WebSite","@id":"https:\/\/jonzieux.ecsel-cyclisme.fr\/#website","url":"https:\/\/jonzieux.ecsel-cyclisme.fr\/","name":"R\u00e9mi Carton","description":"Un site utilisant WordPress","potentialAction":[{"@type":"SearchAction","target":{"@type":"EntryPoint","urlTemplate":"https:\/\/jonzieux.ecsel-cyclisme.fr\/?s={search_term_string}"},"query-input":{"@type":"PropertyValueSpecification","valueRequired":true,"valueName":"search_term_string"}}],"inLanguage":"fr-FR"}]}},"_links":{"self":[{"href":"https:\/\/jonzieux.ecsel-cyclisme.fr\/index.php\/wp-json\/wp\/v2\/pages\/763","targetHints":{"allow":["GET"]}}],"collection":[{"href":"https:\/\/jonzieux.ecsel-cyclisme.fr\/index.php\/wp-json\/wp\/v2\/pages"}],"about":[{"href":"https:\/\/jonzieux.ecsel-cyclisme.fr\/index.php\/wp-json\/wp\/v2\/types\/page"}],"author":[{"embeddable":true,"href":"https:\/\/jonzieux.ecsel-cyclisme.fr\/index.php\/wp-json\/wp\/v2\/users\/1"}],"replies":[{"embeddable":true,"href":"https:\/\/jonzieux.ecsel-cyclisme.fr\/index.php\/wp-json\/wp\/v2\/comments?post=763"}],"version-history":[{"count":6,"href":"https:\/\/jonzieux.ecsel-cyclisme.fr\/index.php\/wp-json\/wp\/v2\/pages\/763\/revisions"}],"predecessor-version":[{"id":1037,"href":"https:\/\/jonzieux.ecsel-cyclisme.fr\/index.php\/wp-json\/wp\/v2\/pages\/763\/revisions\/1037"}],"wp:attachment":[{"href":"https:\/\/jonzieux.ecsel-cyclisme.fr\/index.php\/wp-json\/wp\/v2\/media?parent=763"}],"curies":[{"name":"wp","href":"https:\/\/api.w.org\/{rel}","templated":true}]}}