{"id":562,"date":"2023-03-05T19:44:48","date_gmt":"2023-03-05T18:44:48","guid":{"rendered":"http:\/\/jonzieux.ecsel-cyclisme.fr\/?page_id=562"},"modified":"2024-06-08T22:23:45","modified_gmt":"2024-06-08T20:23:45","slug":"benevoles","status":"publish","type":"page","link":"https:\/\/jonzieux.ecsel-cyclisme.fr\/index.php\/benevoles\/","title":{"rendered":"B\u00e9n\u00e9voles"},"content":{"rendered":"<p>[et_pb_section fb_built=\u00a0\u00bb1&Prime; admin_label=\u00a0\u00bbHeader\u00a0\u00bb _builder_version=\u00a0\u00bb4.20.2&Prime; _module_preset=\u00a0\u00bbdefault\u00a0\u00bb use_background_color_gradient=\u00a0\u00bbon\u00a0\u00bb background_color_gradient_direction=\u00a0\u00bb54deg\u00a0\u00bb background_color_gradient_stops=\u00a0\u00bb#000000 0%|rgba(255,255,255,0) 100%\u00a0\u00bb background_color_gradient_overlays_image=\u00a0\u00bbon\u00a0\u00bb background_image=\u00a0\u00bbhttps:\/\/jonzieux.ecsel-cyclisme.fr\/wp-content\/uploads\/2023\/02\/1DX_7838.jpg\u00a0\u00bb custom_padding=\u00a0\u00bb||4vw||false|false\u00a0\u00bb locked=\u00a0\u00bboff\u00a0\u00bb global_colors_info=\u00a0\u00bb{}\u00a0\u00bb][et_pb_row _builder_version=\u00a0\u00bb4.16&Prime; _module_preset=\u00a0\u00bbdefault\u00a0\u00bb global_colors_info=\u00a0\u00bb{}\u00a0\u00bb][et_pb_column type=\u00a0\u00bb4_4&Prime; _builder_version=\u00a0\u00bb4.16&Prime; _module_preset=\u00a0\u00bbdefault\u00a0\u00bb global_colors_info=\u00a0\u00bb{}\u00a0\u00bb][et_pb_text _builder_version=\u00a0\u00bb4.16&Prime; _module_preset=\u00a0\u00bbdefault\u00a0\u00bb header_font=\u00a0\u00bbMontserrat|900|on|on|||||\u00a0\u00bb header_text_color=\u00a0\u00bb#e2ff4e\u00a0\u00bb header_font_size=\u00a0\u00bb72px\u00a0\u00bb min_height=\u00a0\u00bb45px\u00a0\u00bb hover_enabled=\u00a0\u00bb0&Prime; header_font_size_tablet=\u00a0\u00bb40px\u00a0\u00bb header_font_size_phone=\u00a0\u00bb24px\u00a0\u00bb header_font_size_last_edited=\u00a0\u00bbon|desktop\u00a0\u00bb header_text_shadow_style=\u00a0\u00bbpreset5&Prime; header_text_shadow_horizontal_length=\u00a0\u00bb0.04em\u00a0\u00bb header_text_shadow_vertical_length=\u00a0\u00bb0.04em\u00a0\u00bb header_text_shadow_color=\u00a0\u00bb#000000&Prime; global_colors_info=\u00a0\u00bb{}\u00a0\u00bb sticky_enabled=\u00a0\u00bb0&Prime;]<\/p>\n<h1><span style=\"color: #edf000;\">Nos b\u00e9n\u00e9voles<\/span><\/h1>\n<p>[\/et_pb_text][\/et_pb_column][\/et_pb_row][\/et_pb_section][et_pb_section fb_built=\u00a0\u00bb1&Prime; _builder_version=\u00a0\u00bb4.16&Prime; _module_preset=\u00a0\u00bbdefault\u00a0\u00bb global_colors_info=\u00a0\u00bb{}\u00a0\u00bb][et_pb_row column_structure=\u00a0\u00bb1_2,1_2&Prime; _builder_version=\u00a0\u00bb4.16&Prime; _module_preset=\u00a0\u00bbdefault\u00a0\u00bb global_colors_info=\u00a0\u00bb{}\u00a0\u00bb][et_pb_column type=\u00a0\u00bb1_2&Prime; _builder_version=\u00a0\u00bb4.16&Prime; _module_preset=\u00a0\u00bbdefault\u00a0\u00bb global_colors_info=\u00a0\u00bb{}\u00a0\u00bb][et_pb_text _builder_version=\u00a0\u00bb4.20.2&Prime; _module_preset=\u00a0\u00bbdefault\u00a0\u00bb header_2_font=\u00a0\u00bbMontserrat|900|||||||\u00a0\u00bb header_2_text_color=\u00a0\u00bb#000000&Prime; header_2_font_size=\u00a0\u00bb32px\u00a0\u00bb custom_margin=\u00a0\u00bb||-1px|||\u00a0\u00bb custom_padding=\u00a0\u00bb||17px|||\u00a0\u00bb global_colors_info=\u00a0\u00bb{}\u00a0\u00bb]<\/p>\n<h2>Les b\u00e9n\u00e9voles<\/h2>\n<p style=\"text-align: justify;\"><span>Ils donnent de leur temps, de leur \u00e9nergie, de leurs comp\u00e9tences, toujours dans la\u00a0bonne humeur. Sans eux, de nombreux \u00e9v\u00e9nements ne pourraient tout simplement pas avoir lieu. Ils sont pr\u00e9sents sur tous les fronts lors d&rsquo;un \u00e9v\u00e9nement, du retrait des dossards, \u00e0 la gestion du stationnement, en passant par la s\u00e9curisation du circuit au bord de la route. Ils sont indispensables \u00e0 la r\u00e9ussite du GPJ.<\/span><\/p>\n<h2>Qui ? Comment ?<span><\/span><span><\/span><\/h2>\n<p style=\"text-align: justify;\"><span>Tout le monde peut \u00eatre b\u00e9n\u00e9vole : \u00e9tudiant(e)s,\u00a0sportif(ves) ou non, retrait\u00e9(e)s&#8230; Il suffit d&rsquo;\u00eatre majeur, impliqu\u00e9 et bienveillant. Si vous voulez faire partie de l&rsquo;aventure et contribuer au succ\u00e8s de cette course cycliste, <span style=\"color: #ab263b;\"><strong><a href=\"https:\/\/jonzieux.ecsel-cyclisme.fr\/index.php\/contact\/https:\/\/jonzieux.ecsel-cyclisme.fr\/index.php\/contact\/\" style=\"color: #ab263b;\">contactez nous&#8230;<\/a><\/strong><\/span><\/span><\/p>\n<p>[\/et_pb_text][et_pb_button button_url=\u00a0\u00bbhttps:\/\/jonzieux.ecsel-cyclisme.fr\/index.php\/contact\/https:\/\/jonzieux.ecsel-cyclisme.fr\/index.php\/contact\/\u00a0\u00bb button_text=\u00a0\u00bbDevenir b\u00e9n\u00e9vole !\u00a0\u00bb button_alignment=\u00a0\u00bbleft\u00a0\u00bb disabled_on=\u00a0\u00bboff|off|off\u00a0\u00bb _builder_version=\u00a0\u00bb4.20.2&Prime; _module_preset=\u00a0\u00bbdefault\u00a0\u00bb custom_button=\u00a0\u00bbon\u00a0\u00bb button_text_size=\u00a0\u00bb9px\u00a0\u00bb button_text_color=\u00a0\u00bb#FFFFFF\u00a0\u00bb button_bg_color=\u00a0\u00bb#AB263B\u00a0\u00bb button_border_width=\u00a0\u00bb0px\u00a0\u00bb button_border_radius=\u00a0\u00bb5px\u00a0\u00bb button_letter_spacing=\u00a0\u00bb2px\u00a0\u00bb button_font=\u00a0\u00bbMontserrat|700||on|||||\u00a0\u00bb button_use_icon=\u00a0\u00bboff\u00a0\u00bb custom_padding=\u00a0\u00bb20px|20px|20px|20px|true|true\u00a0\u00bb button_text_color_tablet=\u00a0\u00bb#000000&Prime; button_text_color_phone=\u00a0\u00bb#000000&Prime; button_text_color_last_edited=\u00a0\u00bbon|desktop\u00a0\u00bb locked=\u00a0\u00bboff\u00a0\u00bb global_colors_info=\u00a0\u00bb{}\u00a0\u00bb button_icon_color__hover_enabled=\u00a0\u00bbon|hover\u00a0\u00bb button_icon_color__hover=\u00a0\u00bb#000000&Prime; button_border_color__hover_enabled=\u00a0\u00bboff|hover\u00a0\u00bb button_bg_color__hover_enabled=\u00a0\u00bbon|hover\u00a0\u00bb button_bg_color__hover=\u00a0\u00bb#feec00&Prime; button_bg_enable_color__hover=\u00a0\u00bbon\u00a0\u00bb transform_styles__hover_enabled=\u00a0\u00bbon|hover\u00a0\u00bb transform_scale__hover_enabled=\u00a0\u00bbon|hover\u00a0\u00bb transform_translate__hover_enabled=\u00a0\u00bbon|hover\u00a0\u00bb transform_rotate__hover_enabled=\u00a0\u00bbon|hover\u00a0\u00bb transform_skew__hover_enabled=\u00a0\u00bbon|hover\u00a0\u00bb transform_origin__hover_enabled=\u00a0\u00bbon|hover\u00a0\u00bb transform_scale__hover=\u00a0\u00bb126%|126%\u00a0\u00bb button_text_color__hover_enabled=\u00a0\u00bbon|desktop\u00a0\u00bb button_text_color__hover=\u00a0\u00bb#000000&Prime; button_bg_color_gradient_start__hover=\u00a0\u00bb#feec00&Prime; button_bg_use_color_gradient__hover=\u00a0\u00bbon\u00a0\u00bb button_bg_color_gradient_end__hover=\u00a0\u00bb#feec00&Prime; button_bg_color_gradient_stops__hover=\u00a0\u00bb#feec00 0%|#feec00 100%\u00a0\u00bb][\/et_pb_button][\/et_pb_column][et_pb_column type=\u00a0\u00bb1_2&Prime; _builder_version=\u00a0\u00bb4.16&Prime; _module_preset=\u00a0\u00bbdefault\u00a0\u00bb global_colors_info=\u00a0\u00bb{}\u00a0\u00bb][et_pb_image src=\u00a0\u00bbhttps:\/\/jonzieux.ecsel-cyclisme.fr\/wp-content\/uploads\/2023\/03\/1DX_7864.jpg\u00a0\u00bb title_text=\u00a0\u00bb1DX_7864&Prime; _builder_version=\u00a0\u00bb4.16&Prime; _module_preset=\u00a0\u00bbdefault\u00a0\u00bb global_colors_info=\u00a0\u00bb{}\u00a0\u00bb][\/et_pb_image][\/et_pb_column][\/et_pb_row][et_pb_row _builder_version=\u00a0\u00bb4.16&Prime; _module_preset=\u00a0\u00bbdefault\u00a0\u00bb custom_padding=\u00a0\u00bb66px|||||\u00a0\u00bb global_colors_info=\u00a0\u00bb{}\u00a0\u00bb][et_pb_column type=\u00a0\u00bb4_4&Prime; _builder_version=\u00a0\u00bb4.16&Prime; _module_preset=\u00a0\u00bbdefault\u00a0\u00bb global_colors_info=\u00a0\u00bb{}\u00a0\u00bb][et_pb_text _builder_version=\u00a0\u00bb4.20.2&Prime; _module_preset=\u00a0\u00bbdefault\u00a0\u00bb global_colors_info=\u00a0\u00bb{}\u00a0\u00bb]<\/p>\n<h3 style=\"text-align: center;\"><em><strong><span style=\"color: #000000;\">\u00ab\u00a0Seul on va plus vite, ensemble on va plus loin.\u00a0\u00bb<\/span><\/strong><\/em><\/h3>\n<p>[\/et_pb_text][\/et_pb_column][\/et_pb_row][et_pb_row column_structure=\u00a0\u00bb1_3,1_3,1_3&Prime; _builder_version=\u00a0\u00bb4.16&Prime; _module_preset=\u00a0\u00bbdefault\u00a0\u00bb global_colors_info=\u00a0\u00bb{}\u00a0\u00bb][et_pb_column type=\u00a0\u00bb1_3&Prime; _builder_version=\u00a0\u00bb4.16&Prime; _module_preset=\u00a0\u00bbdefault\u00a0\u00bb global_colors_info=\u00a0\u00bb{}\u00a0\u00bb][et_pb_image src=\u00a0\u00bbhttps:\/\/jonzieux.ecsel-cyclisme.fr\/wp-content\/uploads\/2023\/03\/0Z4A1331.jpg\u00a0\u00bb title_text=\u00a0\u00bb0Z4A1331&Prime; _builder_version=\u00a0\u00bb4.16&Prime; _module_preset=\u00a0\u00bbdefault\u00a0\u00bb global_colors_info=\u00a0\u00bb{}\u00a0\u00bb][\/et_pb_image][\/et_pb_column][et_pb_column type=\u00a0\u00bb1_3&Prime; _builder_version=\u00a0\u00bb4.16&Prime; _module_preset=\u00a0\u00bbdefault\u00a0\u00bb global_colors_info=\u00a0\u00bb{}\u00a0\u00bb][et_pb_image src=\u00a0\u00bbhttps:\/\/jonzieux.ecsel-cyclisme.fr\/wp-content\/uploads\/2023\/03\/1DX_7835.jpg\u00a0\u00bb title_text=\u00a0\u00bb1DX_7835&Prime; _builder_version=\u00a0\u00bb4.16&Prime; _module_preset=\u00a0\u00bbdefault\u00a0\u00bb global_colors_info=\u00a0\u00bb{}\u00a0\u00bb][\/et_pb_image][\/et_pb_column][et_pb_column type=\u00a0\u00bb1_3&Prime; _builder_version=\u00a0\u00bb4.16&Prime; _module_preset=\u00a0\u00bbdefault\u00a0\u00bb global_colors_info=\u00a0\u00bb{}\u00a0\u00bb][et_pb_image src=\u00a0\u00bbhttps:\/\/jonzieux.ecsel-cyclisme.fr\/wp-content\/uploads\/2023\/03\/0Z4A1313.jpg\u00a0\u00bb title_text=\u00a0\u00bb0Z4A1313&Prime; _builder_version=\u00a0\u00bb4.16&Prime; _module_preset=\u00a0\u00bbdefault\u00a0\u00bb global_colors_info=\u00a0\u00bb{}\u00a0\u00bb][\/et_pb_image][\/et_pb_column][\/et_pb_row][\/et_pb_section]<\/p>\n","protected":false},"excerpt":{"rendered":"<p>Nos b\u00e9n\u00e9volesLes b\u00e9n\u00e9voles Ils donnent de leur temps, de leur \u00e9nergie, de leurs comp\u00e9tences, toujours dans la\u00a0bonne humeur. Sans eux, de nombreux \u00e9v\u00e9nements ne pourraient tout simplement pas avoir lieu. Ils sont pr\u00e9sents sur tous les fronts lors d&rsquo;un \u00e9v\u00e9nement, du retrait des dossards, \u00e0 la gestion du stationnement, en passant par la s\u00e9curisation du [&hellip;]<\/p>\n","protected":false},"author":1,"featured_media":0,"parent":0,"menu_order":0,"comment_status":"closed","ping_status":"closed","template":"","meta":{"_et_pb_use_builder":"on","_et_pb_old_content":"","_et_gb_content_width":"","footnotes":""},"class_list":["post-562","page","type-page","status-publish","hentry"],"yoast_head":"<!-- This site is optimized with the Yoast SEO plugin v26.2 - https:\/\/yoast.com\/wordpress\/plugins\/seo\/ -->\n<title>B\u00e9n\u00e9voles - Grand Prix de Jonzieux<\/title>\n<meta name=\"robots\" content=\"index, follow, max-snippet:-1, max-image-preview:large, max-video-preview:-1\" \/>\n<link rel=\"canonical\" href=\"https:\/\/jonzieux.ecsel-cyclisme.fr\/index.php\/benevoles\/\" \/>\n<meta property=\"og:locale\" content=\"fr_FR\" \/>\n<meta property=\"og:type\" content=\"article\" \/>\n<meta property=\"og:title\" content=\"B\u00e9n\u00e9voles - Grand Prix de Jonzieux\" \/>\n<meta property=\"og:description\" content=\"Nos b\u00e9n\u00e9volesLes b\u00e9n\u00e9voles Ils donnent de leur temps, de leur \u00e9nergie, de leurs comp\u00e9tences, toujours dans la\u00a0bonne humeur. Sans eux, de nombreux \u00e9v\u00e9nements ne pourraient tout simplement pas avoir lieu. Ils sont pr\u00e9sents sur tous les fronts lors d&#039;un \u00e9v\u00e9nement, du retrait des dossards, \u00e0 la gestion du stationnement, en passant par la s\u00e9curisation du [&hellip;]\" \/>\n<meta property=\"og:url\" content=\"https:\/\/jonzieux.ecsel-cyclisme.fr\/index.php\/benevoles\/\" \/>\n<meta property=\"og:site_name\" content=\"R\u00e9mi Carton\" \/>\n<meta property=\"article:modified_time\" content=\"2024-06-08T20:23:45+00:00\" \/>\n<meta name=\"twitter:card\" content=\"summary_large_image\" \/>\n<meta name=\"twitter:label1\" content=\"Dur\u00e9e de lecture estim\u00e9e\" \/>\n\t<meta name=\"twitter:data1\" content=\"2 minutes\" \/>\n<script type=\"application\/ld+json\" class=\"yoast-schema-graph\">{\"@context\":\"https:\/\/schema.org\",\"@graph\":[{\"@type\":\"WebPage\",\"@id\":\"https:\/\/jonzieux.ecsel-cyclisme.fr\/index.php\/benevoles\/\",\"url\":\"https:\/\/jonzieux.ecsel-cyclisme.fr\/index.php\/benevoles\/\",\"name\":\"B\u00e9n\u00e9voles - Grand Prix de Jonzieux\",\"isPartOf\":{\"@id\":\"https:\/\/jonzieux.ecsel-cyclisme.fr\/#website\"},\"datePublished\":\"2023-03-05T18:44:48+00:00\",\"dateModified\":\"2024-06-08T20:23:45+00:00\",\"breadcrumb\":{\"@id\":\"https:\/\/jonzieux.ecsel-cyclisme.fr\/index.php\/benevoles\/#breadcrumb\"},\"inLanguage\":\"fr-FR\",\"potentialAction\":[{\"@type\":\"ReadAction\",\"target\":[\"https:\/\/jonzieux.ecsel-cyclisme.fr\/index.php\/benevoles\/\"]}]},{\"@type\":\"BreadcrumbList\",\"@id\":\"https:\/\/jonzieux.ecsel-cyclisme.fr\/index.php\/benevoles\/#breadcrumb\",\"itemListElement\":[{\"@type\":\"ListItem\",\"position\":1,\"name\":\"Accueil\",\"item\":\"https:\/\/jonzieux.ecsel-cyclisme.fr\/\"},{\"@type\":\"ListItem\",\"position\":2,\"name\":\"B\u00e9n\u00e9voles\"}]},{\"@type\":\"WebSite\",\"@id\":\"https:\/\/jonzieux.ecsel-cyclisme.fr\/#website\",\"url\":\"https:\/\/jonzieux.ecsel-cyclisme.fr\/\",\"name\":\"R\u00e9mi Carton\",\"description\":\"Un site utilisant WordPress\",\"potentialAction\":[{\"@type\":\"SearchAction\",\"target\":{\"@type\":\"EntryPoint\",\"urlTemplate\":\"https:\/\/jonzieux.ecsel-cyclisme.fr\/?s={search_term_string}\"},\"query-input\":{\"@type\":\"PropertyValueSpecification\",\"valueRequired\":true,\"valueName\":\"search_term_string\"}}],\"inLanguage\":\"fr-FR\"}]}<\/script>\n<!-- \/ Yoast SEO plugin. -->","yoast_head_json":{"title":"B\u00e9n\u00e9voles - Grand Prix de Jonzieux","robots":{"index":"index","follow":"follow","max-snippet":"max-snippet:-1","max-image-preview":"max-image-preview:large","max-video-preview":"max-video-preview:-1"},"canonical":"https:\/\/jonzieux.ecsel-cyclisme.fr\/index.php\/benevoles\/","og_locale":"fr_FR","og_type":"article","og_title":"B\u00e9n\u00e9voles - Grand Prix de Jonzieux","og_description":"Nos b\u00e9n\u00e9volesLes b\u00e9n\u00e9voles Ils donnent de leur temps, de leur \u00e9nergie, de leurs comp\u00e9tences, toujours dans la\u00a0bonne humeur. Sans eux, de nombreux \u00e9v\u00e9nements ne pourraient tout simplement pas avoir lieu. Ils sont pr\u00e9sents sur tous les fronts lors d'un \u00e9v\u00e9nement, du retrait des dossards, \u00e0 la gestion du stationnement, en passant par la s\u00e9curisation du [&hellip;]","og_url":"https:\/\/jonzieux.ecsel-cyclisme.fr\/index.php\/benevoles\/","og_site_name":"R\u00e9mi Carton","article_modified_time":"2024-06-08T20:23:45+00:00","twitter_card":"summary_large_image","twitter_misc":{"Dur\u00e9e de lecture estim\u00e9e":"2 minutes"},"schema":{"@context":"https:\/\/schema.org","@graph":[{"@type":"WebPage","@id":"https:\/\/jonzieux.ecsel-cyclisme.fr\/index.php\/benevoles\/","url":"https:\/\/jonzieux.ecsel-cyclisme.fr\/index.php\/benevoles\/","name":"B\u00e9n\u00e9voles - Grand Prix de Jonzieux","isPartOf":{"@id":"https:\/\/jonzieux.ecsel-cyclisme.fr\/#website"},"datePublished":"2023-03-05T18:44:48+00:00","dateModified":"2024-06-08T20:23:45+00:00","breadcrumb":{"@id":"https:\/\/jonzieux.ecsel-cyclisme.fr\/index.php\/benevoles\/#breadcrumb"},"inLanguage":"fr-FR","potentialAction":[{"@type":"ReadAction","target":["https:\/\/jonzieux.ecsel-cyclisme.fr\/index.php\/benevoles\/"]}]},{"@type":"BreadcrumbList","@id":"https:\/\/jonzieux.ecsel-cyclisme.fr\/index.php\/benevoles\/#breadcrumb","itemListElement":[{"@type":"ListItem","position":1,"name":"Accueil","item":"https:\/\/jonzieux.ecsel-cyclisme.fr\/"},{"@type":"ListItem","position":2,"name":"B\u00e9n\u00e9voles"}]},{"@type":"WebSite","@id":"https:\/\/jonzieux.ecsel-cyclisme.fr\/#website","url":"https:\/\/jonzieux.ecsel-cyclisme.fr\/","name":"R\u00e9mi Carton","description":"Un site utilisant WordPress","potentialAction":[{"@type":"SearchAction","target":{"@type":"EntryPoint","urlTemplate":"https:\/\/jonzieux.ecsel-cyclisme.fr\/?s={search_term_string}"},"query-input":{"@type":"PropertyValueSpecification","valueRequired":true,"valueName":"search_term_string"}}],"inLanguage":"fr-FR"}]}},"_links":{"self":[{"href":"https:\/\/jonzieux.ecsel-cyclisme.fr\/index.php\/wp-json\/wp\/v2\/pages\/562","targetHints":{"allow":["GET"]}}],"collection":[{"href":"https:\/\/jonzieux.ecsel-cyclisme.fr\/index.php\/wp-json\/wp\/v2\/pages"}],"about":[{"href":"https:\/\/jonzieux.ecsel-cyclisme.fr\/index.php\/wp-json\/wp\/v2\/types\/page"}],"author":[{"embeddable":true,"href":"https:\/\/jonzieux.ecsel-cyclisme.fr\/index.php\/wp-json\/wp\/v2\/users\/1"}],"replies":[{"embeddable":true,"href":"https:\/\/jonzieux.ecsel-cyclisme.fr\/index.php\/wp-json\/wp\/v2\/comments?post=562"}],"version-history":[{"count":13,"href":"https:\/\/jonzieux.ecsel-cyclisme.fr\/index.php\/wp-json\/wp\/v2\/pages\/562\/revisions"}],"predecessor-version":[{"id":1038,"href":"https:\/\/jonzieux.ecsel-cyclisme.fr\/index.php\/wp-json\/wp\/v2\/pages\/562\/revisions\/1038"}],"wp:attachment":[{"href":"https:\/\/jonzieux.ecsel-cyclisme.fr\/index.php\/wp-json\/wp\/v2\/media?parent=562"}],"curies":[{"name":"wp","href":"https:\/\/api.w.org\/{rel}","templated":true}]}}