{"id":554,"date":"2023-02-19T18:31:36","date_gmt":"2023-02-19T17:31:36","guid":{"rendered":"http:\/\/jonzieux.ecsel-cyclisme.fr\/?page_id=554"},"modified":"2024-06-08T22:08:25","modified_gmt":"2024-06-08T20:08:25","slug":"trace-samedi","status":"publish","type":"page","link":"https:\/\/jonzieux.ecsel-cyclisme.fr\/index.php\/trace-samedi\/","title":{"rendered":"Trac\u00e9 samedi"},"content":{"rendered":"<p>[et_pb_section fb_built=\u00a0\u00bb1&Prime; admin_label=\u00a0\u00bbHeader\u00a0\u00bb _builder_version=\u00a0\u00bb4.20.2&Prime; _module_preset=\u00a0\u00bbdefault\u00a0\u00bb custom_padding=\u00a0\u00bb||4vw||false|false\u00a0\u00bb locked=\u00a0\u00bboff\u00a0\u00bb global_colors_info=\u00a0\u00bb{}\u00a0\u00bb background_image=\u00a0\u00bbhttps:\/\/jonzieux.ecsel-cyclisme.fr\/wp-content\/uploads\/2024\/04\/details-des-courses.jpg\u00a0\u00bb use_background_color_gradient=\u00a0\u00bbon\u00a0\u00bb background_color_gradient_overlays_image=\u00a0\u00bbon\u00a0\u00bb background_color_gradient_direction=\u00a0\u00bb54deg\u00a0\u00bb background_color_gradient_stops=\u00a0\u00bb#000000 0%|rgba(255,255,255,0) 100%\u00a0\u00bb title_text=\u00a0\u00bbd\u00e9tails des courses\u00a0\u00bb hover_enabled=\u00a0\u00bb0&Prime; sticky_enabled=\u00a0\u00bb0&Prime;][et_pb_row _builder_version=\u00a0\u00bb4.16&Prime; _module_preset=\u00a0\u00bbdefault\u00a0\u00bb global_colors_info=\u00a0\u00bb{}\u00a0\u00bb][et_pb_column type=\u00a0\u00bb4_4&Prime; _builder_version=\u00a0\u00bb4.16&Prime; _module_preset=\u00a0\u00bbdefault\u00a0\u00bb global_colors_info=\u00a0\u00bb{}\u00a0\u00bb][et_pb_text _builder_version=\u00a0\u00bb4.20.2&Prime; _module_preset=\u00a0\u00bbdefault\u00a0\u00bb header_font=\u00a0\u00bbMontserrat|900|on|on|||||\u00a0\u00bb header_text_color=\u00a0\u00bb#e2ff4e\u00a0\u00bb header_font_size=\u00a0\u00bb72px\u00a0\u00bb min_height=\u00a0\u00bb0px\u00a0\u00bb custom_padding=\u00a0\u00bb||0px||false|false\u00a0\u00bb hover_enabled=\u00a0\u00bb0&Prime; header_font_size_tablet=\u00a0\u00bb40px\u00a0\u00bb header_font_size_phone=\u00a0\u00bb24px\u00a0\u00bb header_font_size_last_edited=\u00a0\u00bbon|desktop\u00a0\u00bb header_text_shadow_style=\u00a0\u00bbpreset5&Prime; header_text_shadow_horizontal_length=\u00a0\u00bb0.04em\u00a0\u00bb header_text_shadow_vertical_length=\u00a0\u00bb0.04em\u00a0\u00bb header_text_shadow_color=\u00a0\u00bb#000000&Prime; global_colors_info=\u00a0\u00bb{}\u00a0\u00bb sticky_enabled=\u00a0\u00bb0&Prime;]<\/p>\n<h1><span style=\"color: #feed00;\">D\u00e9tails des courses<\/span><\/h1>\n<p>[\/et_pb_text][\/et_pb_column][\/et_pb_row][\/et_pb_section][et_pb_section fb_built=\u00a0\u00bb1&Prime; _builder_version=\u00a0\u00bb4.16&Prime; _module_preset=\u00a0\u00bbdefault\u00a0\u00bb custom_padding=\u00a0\u00bb39px|||||\u00a0\u00bb global_colors_info=\u00a0\u00bb{}\u00a0\u00bb][et_pb_row _builder_version=\u00a0\u00bb4.20.2&Prime; _module_preset=\u00a0\u00bbdefault\u00a0\u00bb global_colors_info=\u00a0\u00bb{}\u00a0\u00bb][et_pb_column type=\u00a0\u00bb4_4&Prime; _builder_version=\u00a0\u00bb4.20.2&Prime; _module_preset=\u00a0\u00bbdefault\u00a0\u00bb global_colors_info=\u00a0\u00bb{}\u00a0\u00bb][et_pb_text disabled_on=\u00a0\u00bbon|off|off\u00a0\u00bb _builder_version=\u00a0\u00bb4.20.2&Prime; _module_preset=\u00a0\u00bbdefault\u00a0\u00bb header_2_font=\u00a0\u00bbMontserrat|900|||||||\u00a0\u00bb header_2_text_color=\u00a0\u00bb#000000&Prime; header_2_font_size=\u00a0\u00bb45px\u00a0\u00bb header_2_line_height=\u00a0\u00bb1.2em\u00a0\u00bb min_height=\u00a0\u00bb85px\u00a0\u00bb custom_margin=\u00a0\u00bb||||false|false\u00a0\u00bb custom_padding=\u00a0\u00bb0px|||||\u00a0\u00bb header_2_font_size_tablet=\u00a0\u00bb25px\u00a0\u00bb header_2_font_size_phone=\u00a0\u00bb18px\u00a0\u00bb header_2_font_size_last_edited=\u00a0\u00bbon|desktop\u00a0\u00bb locked=\u00a0\u00bboff\u00a0\u00bb global_colors_info=\u00a0\u00bb{}\u00a0\u00bb]<\/p>\n<h2 style=\"text-align: center;\">Les cat\u00e9gories<\/h2>\n<p>[\/et_pb_text][\/et_pb_column][\/et_pb_row][et_pb_row column_structure=\u00a0\u00bb1_4,1_4,1_4,1_4&Prime; make_equal=\u00a0\u00bbon\u00a0\u00bb _builder_version=\u00a0\u00bb4.20.2&Prime; _module_preset=\u00a0\u00bbdefault\u00a0\u00bb width=\u00a0\u00bb92%\u00a0\u00bb max_width=\u00a0\u00bb1182px\u00a0\u00bb custom_padding=\u00a0\u00bb|||15px|false|false\u00a0\u00bb hover_enabled=\u00a0\u00bb0&Prime; global_colors_info=\u00a0\u00bb{}\u00a0\u00bb sticky_enabled=\u00a0\u00bb0&Prime;][et_pb_column type=\u00a0\u00bb1_4&Prime; _builder_version=\u00a0\u00bb4.20.2&Prime; _module_preset=\u00a0\u00bbdefault\u00a0\u00bb background_color=\u00a0\u00bb#feec00&Prime; custom_padding=\u00a0\u00bb20px|20px|20px|20px|true|true\u00a0\u00bb hover_enabled=\u00a0\u00bb0&Prime; global_colors_info=\u00a0\u00bb{}\u00a0\u00bb border_radii=\u00a0\u00bbon|7px|7px|7px|7px\u00a0\u00bb sticky_enabled=\u00a0\u00bb0&Prime;][et_pb_text _builder_version=\u00a0\u00bb4.20.2&Prime; _module_preset=\u00a0\u00bbdefault\u00a0\u00bb header_2_font=\u00a0\u00bbMontserrat|700|||||||\u00a0\u00bb header_2_text_color=\u00a0\u00bb#000000&Prime; global_colors_info=\u00a0\u00bb{}\u00a0\u00bb]<\/p>\n<h2 style=\"text-align: center;\">Course<\/h2>\n<h2 style=\"text-align: center;\">f\u00e9minine<\/h2>\n<p>[\/et_pb_text][et_pb_text _builder_version=\u00a0\u00bb4.20.2&Prime; _module_preset=\u00a0\u00bbdefault\u00a0\u00bb text_font=\u00a0\u00bbMontserrat|800|||||||\u00a0\u00bb text_text_color=\u00a0\u00bb#000000&Prime; text_font_size=\u00a0\u00bb32px\u00a0\u00bb custom_margin=\u00a0\u00bb-20px||||false|false\u00a0\u00bb global_colors_info=\u00a0\u00bb{}\u00a0\u00bb]<\/p>\n<p style=\"text-align: center;\">U15-U17<\/p>\n<p>[\/et_pb_text][et_pb_text _builder_version=\u00a0\u00bb4.20.2&Prime; _module_preset=\u00a0\u00bbdefault\u00a0\u00bb text_font=\u00a0\u00bbMontserrat||||||||\u00a0\u00bb global_colors_info=\u00a0\u00bb{}\u00a0\u00bb]<\/p>\n<p class=\"font_8\" style=\"text-align: center;\"><span style=\"color: #000000;\">Retrait des dossards : 8h00<\/span><span style=\"color: #000000;\"><\/span><\/p>\n<p class=\"font_8\" style=\"text-align: center;\"><span style=\"color: #000000;\">D\u00e9part : 9h33<\/span><\/p>\n<p class=\"font_8\" style=\"text-align: center;\"><span style=\"color: #000000;\">Nombre de tours : 7<\/span><\/p>\n<p class=\"font_8\" style=\"text-align: center;\"><span style=\"color: #000000;\">Distance : 47 km<\/span><\/p>\n<p class=\"font_8\" style=\"text-align: center;\"><span style=\"color: #000000;\">D\u00e9nivellation : 539 m<\/span><\/p>\n<p>[\/et_pb_text][\/et_pb_column][et_pb_column type=\u00a0\u00bb1_4&Prime; _builder_version=\u00a0\u00bb4.20.2&Prime; _module_preset=\u00a0\u00bbdefault\u00a0\u00bb background_color=\u00a0\u00bb#AB263B\u00a0\u00bb custom_padding=\u00a0\u00bb20px|20px|20px|20px|true|true\u00a0\u00bb hover_enabled=\u00a0\u00bb0&Prime; global_colors_info=\u00a0\u00bb{}\u00a0\u00bb border_radii=\u00a0\u00bbon|7px|7px|7px|7px\u00a0\u00bb sticky_enabled=\u00a0\u00bb0&Prime;][et_pb_text _builder_version=\u00a0\u00bb4.20.2&Prime; _module_preset=\u00a0\u00bbdefault\u00a0\u00bb header_2_font=\u00a0\u00bbMontserrat|700|||||||\u00a0\u00bb header_2_text_color=\u00a0\u00bb#FFFFFF\u00a0\u00bb global_colors_info=\u00a0\u00bb{}\u00a0\u00bb]<\/p>\n<h2 style=\"text-align: center;\">Course<\/h2>\n<h2 style=\"text-align: center;\">masculine<\/h2>\n<p>[\/et_pb_text][et_pb_text _builder_version=\u00a0\u00bb4.20.2&Prime; _module_preset=\u00a0\u00bbdefault\u00a0\u00bb text_font=\u00a0\u00bbMontserrat|800|||||||\u00a0\u00bb text_text_color=\u00a0\u00bb#FFFFFF\u00a0\u00bb text_font_size=\u00a0\u00bb32px\u00a0\u00bb custom_margin=\u00a0\u00bb-20px||||false|false\u00a0\u00bb global_colors_info=\u00a0\u00bb{}\u00a0\u00bb]<\/p>\n<p style=\"text-align: center;\">U17<\/p>\n<p>[\/et_pb_text][et_pb_text _builder_version=\u00a0\u00bb4.20.2&Prime; _module_preset=\u00a0\u00bbdefault\u00a0\u00bb text_font=\u00a0\u00bbMontserrat||||||||\u00a0\u00bb text_text_color=\u00a0\u00bb#FFFFFF\u00a0\u00bb global_colors_info=\u00a0\u00bb{}\u00a0\u00bb]<\/p>\n<p class=\"font_8\" style=\"text-align: center;\"><span style=\"color: #ffffff;\">Retrait des dossards : 8h00<\/span><\/p>\n<p class=\"font_8\" style=\"text-align: center;\"><span style=\"color: #ffffff;\">D\u00e9part : 9h30<\/span><\/p>\n<p class=\"font_8\" style=\"text-align: center;\"><span style=\"color: #ffffff;\">Nombre de tours : 9<\/span><\/p>\n<p class=\"font_8\" style=\"text-align: center;\"><span style=\"color: #ffffff;\">Distance : 60,3 km<\/span><\/p>\n<p class=\"font_8\" style=\"text-align: center;\"><span style=\"color: #ffffff;\">D\u00e9nivellation : 693 m<\/span><\/p>\n<p>[\/et_pb_text][\/et_pb_column][et_pb_column type=\u00a0\u00bb1_4&Prime; _builder_version=\u00a0\u00bb4.20.2&Prime; _module_preset=\u00a0\u00bbdefault\u00a0\u00bb background_color=\u00a0\u00bb#feec00&Prime; custom_padding=\u00a0\u00bb20px|20px|20px|20px|true|true\u00a0\u00bb hover_enabled=\u00a0\u00bb0&Prime; global_colors_info=\u00a0\u00bb{}\u00a0\u00bb border_radii=\u00a0\u00bbon|7px|7px|7px|7px\u00a0\u00bb sticky_enabled=\u00a0\u00bb0&Prime;][et_pb_text _builder_version=\u00a0\u00bb4.20.2&Prime; _module_preset=\u00a0\u00bbdefault\u00a0\u00bb header_2_font=\u00a0\u00bbMontserrat|700|||||||\u00a0\u00bb header_2_text_color=\u00a0\u00bb#000000&Prime; global_colors_info=\u00a0\u00bb{}\u00a0\u00bb]<\/p>\n<h2 style=\"text-align: center;\">Course<\/h2>\n<h2 style=\"text-align: center;\">f\u00e9minine<\/h2>\n<p>[\/et_pb_text][et_pb_text _builder_version=\u00a0\u00bb4.20.2&Prime; _module_preset=\u00a0\u00bbdefault\u00a0\u00bb text_font=\u00a0\u00bbMontserrat|800|||||||\u00a0\u00bb text_text_color=\u00a0\u00bb#000000&Prime; text_font_size=\u00a0\u00bb32px\u00a0\u00bb custom_margin=\u00a0\u00bb-20px||||false|false\u00a0\u00bb global_colors_info=\u00a0\u00bb{}\u00a0\u00bb]<\/p>\n<p style=\"text-align: center;\">U19-\u00c9lite<\/p>\n<p>[\/et_pb_text][et_pb_text _builder_version=\u00a0\u00bb4.20.2&Prime; _module_preset=\u00a0\u00bbdefault\u00a0\u00bb text_font=\u00a0\u00bbMontserrat||||||||\u00a0\u00bb global_colors_info=\u00a0\u00bb{}\u00a0\u00bb]<\/p>\n<p class=\"font_8\" style=\"text-align: center;\"><span style=\"color: #000000;\">Retrait des dossards : 12h00<\/span><span style=\"color: #000000;\"><\/span><\/p>\n<p class=\"font_8\" style=\"text-align: center;\"><span style=\"color: #000000;\">D\u00e9part : 14h03<\/span><\/p>\n<p class=\"font_8\" style=\"text-align: center;\"><span style=\"color: #000000;\">Nombre de tours : 10<\/span><\/p>\n<p class=\"font_8\" style=\"text-align: center;\"><span style=\"color: #000000;\">Distance : 67 km<\/span><\/p>\n<p class=\"font_8\" style=\"text-align: center;\"><span style=\"color: #000000;\">D\u00e9nivellation : 770 m<\/span><\/p>\n<p>[\/et_pb_text][\/et_pb_column][et_pb_column type=\u00a0\u00bb1_4&Prime; _builder_version=\u00a0\u00bb4.20.2&Prime; _module_preset=\u00a0\u00bbdefault\u00a0\u00bb background_color=\u00a0\u00bb#AB263B\u00a0\u00bb custom_padding=\u00a0\u00bb20px|20px|20px|20px|true|true\u00a0\u00bb hover_enabled=\u00a0\u00bb0&Prime; global_colors_info=\u00a0\u00bb{}\u00a0\u00bb border_radii=\u00a0\u00bbon|7px|7px|7px|7px\u00a0\u00bb sticky_enabled=\u00a0\u00bb0&Prime;][et_pb_text _builder_version=\u00a0\u00bb4.20.2&Prime; _module_preset=\u00a0\u00bbdefault\u00a0\u00bb header_2_font=\u00a0\u00bbMontserrat|700|||||||\u00a0\u00bb header_2_text_color=\u00a0\u00bb#FFFFFF\u00a0\u00bb global_colors_info=\u00a0\u00bb{}\u00a0\u00bb]<\/p>\n<h2 style=\"text-align: center;\">Course<\/h2>\n<h2 style=\"text-align: center;\">masculine<\/h2>\n<p>[\/et_pb_text][et_pb_text _builder_version=\u00a0\u00bb4.20.2&Prime; _module_preset=\u00a0\u00bbdefault\u00a0\u00bb text_font=\u00a0\u00bbMontserrat|800|||||||\u00a0\u00bb text_text_color=\u00a0\u00bb#FFFFFF\u00a0\u00bb text_font_size=\u00a0\u00bb32px\u00a0\u00bb custom_margin=\u00a0\u00bb-20px||||false|false\u00a0\u00bb global_colors_info=\u00a0\u00bb{}\u00a0\u00bb]<\/p>\n<p style=\"text-align: center;\"><span style=\"font-size: x-large;\">Open 2-3\u00a0<\/span><span style=\"font-size: x-large;\">access 1-2-3-4<\/span><\/p>\n<p>[\/et_pb_text][et_pb_text _builder_version=\u00a0\u00bb4.20.2&Prime; _module_preset=\u00a0\u00bbdefault\u00a0\u00bb text_font=\u00a0\u00bbMontserrat||||||||\u00a0\u00bb global_colors_info=\u00a0\u00bb{}\u00a0\u00bb]<\/p>\n<p class=\"font_8\" style=\"text-align: center;\"><span style=\"color: #ffffff;\">Retrait des dossards : 12h00<\/span><\/p>\n<p class=\"font_8\" style=\"text-align: center;\"><span style=\"color: #ffffff;\">D\u00e9part : 14h00<\/span><\/p>\n<p class=\"font_8\" style=\"text-align: center;\"><span style=\"color: #ffffff;\">Nombre de tours : 12<\/span><\/p>\n<p class=\"font_8\" style=\"text-align: center;\"><span style=\"color: #ffffff;\">Distance : 80,4 km<\/span><\/p>\n<p class=\"font_8\" style=\"text-align: center;\"><span style=\"color: #ffffff;\">D\u00e9nivellation : 924 m<\/span><\/p>\n<p>[\/et_pb_text][\/et_pb_column][\/et_pb_row][et_pb_row _builder_version=\u00a0\u00bb4.16&Prime; _module_preset=\u00a0\u00bbdefault\u00a0\u00bb custom_margin=\u00a0\u00bb28px|auto|-8px|auto||\u00a0\u00bb custom_padding=\u00a0\u00bb11px|||||\u00a0\u00bb global_colors_info=\u00a0\u00bb{}\u00a0\u00bb][et_pb_column type=\u00a0\u00bb4_4&Prime; _builder_version=\u00a0\u00bb4.16&Prime; _module_preset=\u00a0\u00bbdefault\u00a0\u00bb global_colors_info=\u00a0\u00bb{}\u00a0\u00bb][et_pb_text disabled_on=\u00a0\u00bbon|off|off\u00a0\u00bb _builder_version=\u00a0\u00bb4.20.2&Prime; _module_preset=\u00a0\u00bbdefault\u00a0\u00bb header_2_font=\u00a0\u00bbMontserrat|900|||||||\u00a0\u00bb header_2_text_color=\u00a0\u00bb#000000&Prime; header_2_font_size=\u00a0\u00bb45px\u00a0\u00bb header_2_line_height=\u00a0\u00bb1.2em\u00a0\u00bb min_height=\u00a0\u00bb85px\u00a0\u00bb custom_margin=\u00a0\u00bb||||false|false\u00a0\u00bb custom_padding=\u00a0\u00bb0px|||||\u00a0\u00bb header_2_font_size_tablet=\u00a0\u00bb25px\u00a0\u00bb header_2_font_size_phone=\u00a0\u00bb18px\u00a0\u00bb header_2_font_size_last_edited=\u00a0\u00bbon|desktop\u00a0\u00bb locked=\u00a0\u00bboff\u00a0\u00bb global_colors_info=\u00a0\u00bb{}\u00a0\u00bb]<\/p>\n<h2 style=\"text-align: center;\">Les d\u00e9tails <strong>du parcours<\/strong><\/h2>\n<p>[\/et_pb_text][et_pb_code _builder_version=\u00a0\u00bb4.16&Prime; _module_preset=\u00a0\u00bbdefault\u00a0\u00bb custom_margin=\u00a0\u00bb||67px|||\u00a0\u00bb global_colors_info=\u00a0\u00bb{}\u00a0\u00bb]<\/p>\n<div class=\"embedly-responsive\" style=\"position: relative;padding-bottom: 78.2227%;height: 0;overflow: hidden;\"><iframe loading=\"lazy\" class=\"embedly-embed\" frameborder=\"0\" scrolling=\"no\" allowfullscreen src=\"https:\/\/cdn.embedly.com\/widgets\/media.html?src=https:\/\/www.relive.cc\/view\/vJOKx3o8Pw6\/widget?r=embed-site&#038;url=https:\/\/www.relive.cc\/view\/vJOKx3o8Pw6?r=embed-site&#038;image=https:\/\/www.relive.cc\/view\/vJOKx3o8Pw6\/png?x-ref=embed-site&#038;key=f1631a41cb254ca5b035dc5747a5bd75&#038;type=text\/html&#038;schema=relive\" width=\"1024\" height=\"801\" style=\"position: absolute;top: 0;left: 0;width: 100%;height: 100%;\"><\/iframe><\/div>\n<p>[\/et_pb_code][\/et_pb_column][\/et_pb_row][et_pb_row _builder_version=\u00a0\u00bb4.16&Prime; _module_preset=\u00a0\u00bbdefault\u00a0\u00bb custom_margin=\u00a0\u00bb|auto|7px|auto||\u00a0\u00bb global_colors_info=\u00a0\u00bb{}\u00a0\u00bb][et_pb_column type=\u00a0\u00bb4_4&Prime; _builder_version=\u00a0\u00bb4.16&Prime; _module_preset=\u00a0\u00bbdefault\u00a0\u00bb global_colors_info=\u00a0\u00bb{}\u00a0\u00bb][et_pb_code _builder_version=\u00a0\u00bb4.16&Prime; _module_preset=\u00a0\u00bbdefault\u00a0\u00bb custom_margin=\u00a0\u00bb||-20px|||\u00a0\u00bb global_colors_info=\u00a0\u00bb{}\u00a0\u00bb]<iframe loading=\"lazy\" width=\"100%\" height=\"650\" src=\"https:\/\/www.openrunner.com\/embed\/6a74747a46636f70574a626168587477766f4463655158467a7374654549554374586a74766559624c51593d3a3a0336d8d5cfe0ff4d9bd25a95ddd1ac6e?unit=metric\"><\/iframe>[\/et_pb_code][\/et_pb_column][\/et_pb_row][et_pb_row _builder_version=\u00a0\u00bb4.16&Prime; _module_preset=\u00a0\u00bbdefault\u00a0\u00bb global_colors_info=\u00a0\u00bb{}\u00a0\u00bb][et_pb_column type=\u00a0\u00bb4_4&Prime; _builder_version=\u00a0\u00bb4.16&Prime; _module_preset=\u00a0\u00bbdefault\u00a0\u00bb global_colors_info=\u00a0\u00bb{}\u00a0\u00bb][et_pb_text disabled_on=\u00a0\u00bbon|off|off\u00a0\u00bb _builder_version=\u00a0\u00bb4.16&Prime; _module_preset=\u00a0\u00bbdefault\u00a0\u00bb header_2_font=\u00a0\u00bbMontserrat|900|||||||\u00a0\u00bb header_2_text_color=\u00a0\u00bb#000000&Prime; header_2_font_size=\u00a0\u00bb45px\u00a0\u00bb header_2_line_height=\u00a0\u00bb1.2em\u00a0\u00bb min_height=\u00a0\u00bb85px\u00a0\u00bb custom_margin=\u00a0\u00bb||||false|false\u00a0\u00bb custom_padding=\u00a0\u00bb0px|||||\u00a0\u00bb header_2_font_size_tablet=\u00a0\u00bb25px\u00a0\u00bb header_2_font_size_phone=\u00a0\u00bb18px\u00a0\u00bb header_2_font_size_last_edited=\u00a0\u00bbon|desktop\u00a0\u00bb locked=\u00a0\u00bboff\u00a0\u00bb global_colors_info=\u00a0\u00bb{}\u00a0\u00bb]<\/p>\n<h2 style=\"text-align: center;\">La localisation<\/h2>\n<p>[\/et_pb_text][et_pb_text _builder_version=\u00a0\u00bb4.16&Prime; _module_preset=\u00a0\u00bbdefault\u00a0\u00bb custom_margin=\u00a0\u00bb-43px|||||\u00a0\u00bb custom_padding=\u00a0\u00bb22px|||||\u00a0\u00bb global_colors_info=\u00a0\u00bb{}\u00a0\u00bb]<\/p>\n<div dir=\"ltr\">\n<div dir=\"ltr\">\n<div>\n<p><span style=\"color: #000000;\">Stationnement, ligne d\u00e9part-arriv\u00e9e, buvette, r\u00e9union DS, toilettes-douches, zone de ravitaillement&#8230;<\/span><\/p>\n<\/div>\n<\/div>\n<\/div>\n<p>[\/et_pb_text][et_pb_code _builder_version=\u00a0\u00bb4.16&Prime; _module_preset=\u00a0\u00bbdefault\u00a0\u00bb global_colors_info=\u00a0\u00bb{}\u00a0\u00bb]<iframe loading=\"lazy\" src=\"https:\/\/www.google.com\/maps\/d\/u\/0\/embed?mid=1epwvjAlVJax-xofpVQUcG2BKDGZLwJw&#038;ehbc=2E312F\" width=\"640\" height=\"480\"><\/iframe>[\/et_pb_code][et_pb_code _builder_version=\u00a0\u00bb4.16&Prime; _module_preset=\u00a0\u00bbdefault\u00a0\u00bb module_alignment=\u00a0\u00bbcenter\u00a0\u00bb custom_margin=\u00a0\u00bb|||16px|false|false\u00a0\u00bb custom_padding=\u00a0\u00bb||||false|false\u00a0\u00bb global_colors_info=\u00a0\u00bb{}\u00a0\u00bb][\/et_pb_code][\/et_pb_column][\/et_pb_row][\/et_pb_section]<\/p>\n","protected":false},"excerpt":{"rendered":"<p>D\u00e9tails des coursesLes cat\u00e9goriesCourse f\u00e9minineU15-U17Retrait des dossards : 8h00 D\u00e9part : 9h33 Nombre de tours : 7 Distance : 47 km D\u00e9nivellation : 539 mCourse masculineU17Retrait des dossards : 8h00 D\u00e9part : 9h30 Nombre de tours : 9 Distance : 60,3 km D\u00e9nivellation : 693 mCourse f\u00e9minineU19-\u00c9liteRetrait des dossards : 12h00 D\u00e9part : 14h03 Nombre [&hellip;]<\/p>\n","protected":false},"author":1,"featured_media":0,"parent":0,"menu_order":0,"comment_status":"closed","ping_status":"closed","template":"","meta":{"_et_pb_use_builder":"on","_et_pb_old_content":"","_et_gb_content_width":"","footnotes":""},"class_list":["post-554","page","type-page","status-publish","hentry"],"yoast_head":"<!-- This site is optimized with the Yoast SEO plugin v26.2 - https:\/\/yoast.com\/wordpress\/plugins\/seo\/ -->\n<title>Trac\u00e9 samedi - Grand Prix de Jonzieux<\/title>\n<meta name=\"robots\" content=\"index, follow, max-snippet:-1, max-image-preview:large, max-video-preview:-1\" \/>\n<link rel=\"canonical\" href=\"https:\/\/jonzieux.ecsel-cyclisme.fr\/index.php\/trace-samedi\/\" \/>\n<meta property=\"og:locale\" content=\"fr_FR\" \/>\n<meta property=\"og:type\" content=\"article\" \/>\n<meta property=\"og:title\" content=\"Trac\u00e9 samedi - Grand Prix de Jonzieux\" \/>\n<meta property=\"og:description\" content=\"D\u00e9tails des coursesLes cat\u00e9goriesCourse f\u00e9minineU15-U17Retrait des dossards : 8h00 D\u00e9part : 9h33 Nombre de tours : 7 Distance : 47 km D\u00e9nivellation : 539 mCourse masculineU17Retrait des dossards : 8h00 D\u00e9part : 9h30 Nombre de tours : 9 Distance : 60,3 km D\u00e9nivellation : 693 mCourse f\u00e9minineU19-\u00c9liteRetrait des dossards : 12h00 D\u00e9part : 14h03 Nombre [&hellip;]\" \/>\n<meta property=\"og:url\" content=\"https:\/\/jonzieux.ecsel-cyclisme.fr\/index.php\/trace-samedi\/\" \/>\n<meta property=\"og:site_name\" content=\"R\u00e9mi Carton\" \/>\n<meta property=\"article:modified_time\" content=\"2024-06-08T20:08:25+00:00\" \/>\n<meta name=\"twitter:card\" content=\"summary_large_image\" \/>\n<meta name=\"twitter:label1\" content=\"Dur\u00e9e de lecture estim\u00e9e\" \/>\n\t<meta name=\"twitter:data1\" content=\"2 minutes\" \/>\n<script type=\"application\/ld+json\" class=\"yoast-schema-graph\">{\"@context\":\"https:\/\/schema.org\",\"@graph\":[{\"@type\":\"WebPage\",\"@id\":\"https:\/\/jonzieux.ecsel-cyclisme.fr\/index.php\/trace-samedi\/\",\"url\":\"https:\/\/jonzieux.ecsel-cyclisme.fr\/index.php\/trace-samedi\/\",\"name\":\"Trac\u00e9 samedi - Grand Prix de Jonzieux\",\"isPartOf\":{\"@id\":\"https:\/\/jonzieux.ecsel-cyclisme.fr\/#website\"},\"datePublished\":\"2023-02-19T17:31:36+00:00\",\"dateModified\":\"2024-06-08T20:08:25+00:00\",\"breadcrumb\":{\"@id\":\"https:\/\/jonzieux.ecsel-cyclisme.fr\/index.php\/trace-samedi\/#breadcrumb\"},\"inLanguage\":\"fr-FR\",\"potentialAction\":[{\"@type\":\"ReadAction\",\"target\":[\"https:\/\/jonzieux.ecsel-cyclisme.fr\/index.php\/trace-samedi\/\"]}]},{\"@type\":\"BreadcrumbList\",\"@id\":\"https:\/\/jonzieux.ecsel-cyclisme.fr\/index.php\/trace-samedi\/#breadcrumb\",\"itemListElement\":[{\"@type\":\"ListItem\",\"position\":1,\"name\":\"Accueil\",\"item\":\"https:\/\/jonzieux.ecsel-cyclisme.fr\/\"},{\"@type\":\"ListItem\",\"position\":2,\"name\":\"Trac\u00e9 samedi\"}]},{\"@type\":\"WebSite\",\"@id\":\"https:\/\/jonzieux.ecsel-cyclisme.fr\/#website\",\"url\":\"https:\/\/jonzieux.ecsel-cyclisme.fr\/\",\"name\":\"R\u00e9mi Carton\",\"description\":\"Un site utilisant WordPress\",\"potentialAction\":[{\"@type\":\"SearchAction\",\"target\":{\"@type\":\"EntryPoint\",\"urlTemplate\":\"https:\/\/jonzieux.ecsel-cyclisme.fr\/?s={search_term_string}\"},\"query-input\":{\"@type\":\"PropertyValueSpecification\",\"valueRequired\":true,\"valueName\":\"search_term_string\"}}],\"inLanguage\":\"fr-FR\"}]}<\/script>\n<!-- \/ Yoast SEO plugin. -->","yoast_head_json":{"title":"Trac\u00e9 samedi - Grand Prix de Jonzieux","robots":{"index":"index","follow":"follow","max-snippet":"max-snippet:-1","max-image-preview":"max-image-preview:large","max-video-preview":"max-video-preview:-1"},"canonical":"https:\/\/jonzieux.ecsel-cyclisme.fr\/index.php\/trace-samedi\/","og_locale":"fr_FR","og_type":"article","og_title":"Trac\u00e9 samedi - Grand Prix de Jonzieux","og_description":"D\u00e9tails des coursesLes cat\u00e9goriesCourse f\u00e9minineU15-U17Retrait des dossards : 8h00 D\u00e9part : 9h33 Nombre de tours : 7 Distance : 47 km D\u00e9nivellation : 539 mCourse masculineU17Retrait des dossards : 8h00 D\u00e9part : 9h30 Nombre de tours : 9 Distance : 60,3 km D\u00e9nivellation : 693 mCourse f\u00e9minineU19-\u00c9liteRetrait des dossards : 12h00 D\u00e9part : 14h03 Nombre [&hellip;]","og_url":"https:\/\/jonzieux.ecsel-cyclisme.fr\/index.php\/trace-samedi\/","og_site_name":"R\u00e9mi Carton","article_modified_time":"2024-06-08T20:08:25+00:00","twitter_card":"summary_large_image","twitter_misc":{"Dur\u00e9e de lecture estim\u00e9e":"2 minutes"},"schema":{"@context":"https:\/\/schema.org","@graph":[{"@type":"WebPage","@id":"https:\/\/jonzieux.ecsel-cyclisme.fr\/index.php\/trace-samedi\/","url":"https:\/\/jonzieux.ecsel-cyclisme.fr\/index.php\/trace-samedi\/","name":"Trac\u00e9 samedi - Grand Prix de Jonzieux","isPartOf":{"@id":"https:\/\/jonzieux.ecsel-cyclisme.fr\/#website"},"datePublished":"2023-02-19T17:31:36+00:00","dateModified":"2024-06-08T20:08:25+00:00","breadcrumb":{"@id":"https:\/\/jonzieux.ecsel-cyclisme.fr\/index.php\/trace-samedi\/#breadcrumb"},"inLanguage":"fr-FR","potentialAction":[{"@type":"ReadAction","target":["https:\/\/jonzieux.ecsel-cyclisme.fr\/index.php\/trace-samedi\/"]}]},{"@type":"BreadcrumbList","@id":"https:\/\/jonzieux.ecsel-cyclisme.fr\/index.php\/trace-samedi\/#breadcrumb","itemListElement":[{"@type":"ListItem","position":1,"name":"Accueil","item":"https:\/\/jonzieux.ecsel-cyclisme.fr\/"},{"@type":"ListItem","position":2,"name":"Trac\u00e9 samedi"}]},{"@type":"WebSite","@id":"https:\/\/jonzieux.ecsel-cyclisme.fr\/#website","url":"https:\/\/jonzieux.ecsel-cyclisme.fr\/","name":"R\u00e9mi Carton","description":"Un site utilisant WordPress","potentialAction":[{"@type":"SearchAction","target":{"@type":"EntryPoint","urlTemplate":"https:\/\/jonzieux.ecsel-cyclisme.fr\/?s={search_term_string}"},"query-input":{"@type":"PropertyValueSpecification","valueRequired":true,"valueName":"search_term_string"}}],"inLanguage":"fr-FR"}]}},"_links":{"self":[{"href":"https:\/\/jonzieux.ecsel-cyclisme.fr\/index.php\/wp-json\/wp\/v2\/pages\/554","targetHints":{"allow":["GET"]}}],"collection":[{"href":"https:\/\/jonzieux.ecsel-cyclisme.fr\/index.php\/wp-json\/wp\/v2\/pages"}],"about":[{"href":"https:\/\/jonzieux.ecsel-cyclisme.fr\/index.php\/wp-json\/wp\/v2\/types\/page"}],"author":[{"embeddable":true,"href":"https:\/\/jonzieux.ecsel-cyclisme.fr\/index.php\/wp-json\/wp\/v2\/users\/1"}],"replies":[{"embeddable":true,"href":"https:\/\/jonzieux.ecsel-cyclisme.fr\/index.php\/wp-json\/wp\/v2\/comments?post=554"}],"version-history":[{"count":27,"href":"https:\/\/jonzieux.ecsel-cyclisme.fr\/index.php\/wp-json\/wp\/v2\/pages\/554\/revisions"}],"predecessor-version":[{"id":1031,"href":"https:\/\/jonzieux.ecsel-cyclisme.fr\/index.php\/wp-json\/wp\/v2\/pages\/554\/revisions\/1031"}],"wp:attachment":[{"href":"https:\/\/jonzieux.ecsel-cyclisme.fr\/index.php\/wp-json\/wp\/v2\/media?parent=554"}],"curies":[{"name":"wp","href":"https:\/\/api.w.org\/{rel}","templated":true}]}}